{"id":2,"date":"2019-09-19T10:14:43","date_gmt":"2019-09-19T13:14:43","guid":{"rendered":"http:\/\/pinguinospuntanorte.com.ar\/dev\/?page_id=2"},"modified":"2021-01-14T17:52:38","modified_gmt":"2021-01-14T20:52:38","slug":"pagina-ejemplo","status":"publish","type":"page","link":"https:\/\/pinguinospuntanorte.com.ar\/dev\/","title":{"rendered":"Inicio"},"content":{"rendered":"\n<blockquote class=\"wp-block-quote absolute\"><p>\u201cCon una poblaci\u00f3n estimada en 600.000 ping\u00fcinos por temporada, San Lorenzo es la Colonia de Ping\u00fcinos Continental m\u00e1s grande y espectacular que se conoce.\u201d<\/p><cite><strong>Dr. Pablo Garc\u00eda Borboroglu<\/strong><br>Investigador CESIMAR\/CCT Cenpat CONICET<br>Presidente de la Global Penguin Society<\/cite><\/blockquote>\n\n\n\n<h1 class=\"has-text-align-center\">San Lorenzo<\/h1>\n\n\n\n<p class=\"has-text-align-center\"><strong>La Reserva Natural Estancia San Lorenzo<\/strong> se encuentra dentro del \u00c1rea Natural Protegida Pen\u00ednsula Vald\u00e9s a 160 kil\u00f3metros de la ciudad de Puerto Madryn, en la provincia de Chubut, en la Patagonia Argentina.<br> Sobre sus costas se localiza una colonia de m\u00e1s de 600.000 ping\u00fcinos de Magallanes que puede visitarse entre el 7 se septiembre y el 31 de marzo de cada a\u00f1o.<\/p>\n\n\n\n<hr class=\"wp-block-separator\"\/>\n\n\n\n<figure class=\"wp-block-image alignwide\"><img loading=\"lazy\" width=\"1200\" height=\"922\" src=\"http:\/\/pinguinospuntanorte.com.ar\/dev\/wp-content\/uploads\/2019\/09\/mapa_inicio.jpg\" alt=\"\" class=\"wp-image-179\" srcset=\"https:\/\/pinguinospuntanorte.com.ar\/dev\/wp-content\/uploads\/2019\/09\/mapa_inicio.jpg 1200w, https:\/\/pinguinospuntanorte.com.ar\/dev\/wp-content\/uploads\/2019\/09\/mapa_inicio-300x231.jpg 300w, https:\/\/pinguinospuntanorte.com.ar\/dev\/wp-content\/uploads\/2019\/09\/mapa_inicio-768x590.jpg 768w, https:\/\/pinguinospuntanorte.com.ar\/dev\/wp-content\/uploads\/2019\/09\/mapa_inicio-1024x787.jpg 1024w\" sizes=\"(max-width: 1200px) 100vw, 1200px\" \/><\/figure>\n\n\n\n<h2 class=\"has-text-align-center\">La estancia<\/h2>\n\n\n\n<p class=\"has-text-align-center\">La Estancia se dedica tambi\u00e9n a la producci\u00f3n de lana merino australiana. A \ufb01nes del mes de septiembre, los visitantes pueden observar las distintas actividades vinculadas con la explotaci\u00f3n ganadera, entre ellos, la se\u00f1alada, la esquila y el encierre de la hacienda efectuada con perros ovejeros.<\/p>\n\n\n\n<p class=\"has-text-align-center\">Actualmente el galp\u00f3n de esquila sirve como comedor, centro de interpretaci\u00f3n y mini-shop, donde se pueden adquirir productos regionales y recuerdos de la estancia.<\/p>\n\n\n\n<p class=\"has-text-align-center\"> Pero hay otros atractivos adicionales para nuestros visitantes: los f\u00f3siles marinos que a\ufb02oran en los acantilados y los ca\u00f1adones que desaguan al mar. Dado que en la Estancia tambi\u00e9n se explot\u00f3 la lober\u00eda, entre 1917 y 1953, los visitantes pueden conocer la vieja factor\u00eda de lobos marinos.<\/p>\n\n\n\n<div class=\"alignfull\"><div id=\"metaslider-id-74\" style=\"width: 100%; margin: 0 auto;\" class=\"ml-slider-3-19-1 metaslider metaslider-flex metaslider-74 ml-slider nav-hidden\">\n    <div id=\"metaslider_container_74\">\n        <div id=\"metaslider_74\">\n            <ul aria-live=\"polite\" class=\"slides\">\n                <li style=\"display: block; width: 100%;\" class=\"slide-213 ms-image\"><img src=\"https:\/\/pinguinospuntanorte.com.ar\/dev\/wp-content\/uploads\/2019\/10\/slide1home-0x0.jpg\" height=\"0\" width=\"0\" alt=\"\" class=\"slider-74 slide-213\" title=\"slide1home\" \/><\/li>\n                <li style=\"display: none; width: 100%;\" class=\"slide-214 ms-image\"><img src=\"https:\/\/pinguinospuntanorte.com.ar\/dev\/wp-content\/uploads\/2019\/10\/slide2home-0x0.jpg\" height=\"0\" width=\"0\" alt=\"\" class=\"slider-74 slide-214\" title=\"slide2home\" \/><\/li>\n                <li style=\"display: none; width: 100%;\" class=\"slide-215 ms-image\"><img src=\"https:\/\/pinguinospuntanorte.com.ar\/dev\/wp-content\/uploads\/2019\/10\/slide3home-0x0.jpg\" height=\"0\" width=\"0\" alt=\"\" class=\"slider-74 slide-215\" title=\"slide3home\" \/><\/li>\n            <\/ul>\n        <\/div>\n        \n    <\/div>\n<\/div><\/div>\n\n\n\n<p> <\/p>\n\n\n\n<div class=\"wp-block-columns has-2-columns columns-4-8\">\n<div class=\"wp-block-column\">\n<h2 class=\"has-text-align-right heading-secondary\">Horarios<\/h2>\n\n\n\n<figure class=\"wp-block-image col-visible-from-medium\"><img loading=\"lazy\" width=\"600\" height=\"546\" src=\"http:\/\/pinguinospuntanorte.com.ar\/dev\/wp-content\/uploads\/2019\/09\/guanaco.jpg\" alt=\"\" class=\"wp-image-149\" srcset=\"https:\/\/pinguinospuntanorte.com.ar\/dev\/wp-content\/uploads\/2019\/09\/guanaco.jpg 600w, https:\/\/pinguinospuntanorte.com.ar\/dev\/wp-content\/uploads\/2019\/09\/guanaco-300x273.jpg 300w\" sizes=\"(max-width: 600px) 100vw, 600px\" \/><\/figure>\n<\/div>\n\n\n\n<div class=\"wp-block-column\">\n<p>La Estancia San Lorenzo con su impactante colonia de Ping\u00fcinos de Magallanes, abre sus puertas cada a\u00f1o entre el 4 de septiembre y el 31 de marzo. El horario de atenci\u00f3n a los visitantes es de 10:00 hs. a 18.00 hs.<\/p>\n\n\n\n<p>Las visitas guiadas a la ping\u00fcinera para pasajeros que lleguen por sus propios medios son:<\/p>\n\n\n\n<p><strong>10:00 hs<br>11:30 hs<br>14:00 hs<br>15:30 hs<br>17:00 hs<\/strong> (\u00faltima visita)<\/p>\n\n\n\n<p>La visita tiene una duraci\u00f3n aproximada de 01:15 hs.<br>Estos horarios quedan sujetos a posibles cambios por razones de log\u00edstica.<br>Consultar previo a su visita, ya que debido a la eventual asistencia de grupos grandes o de crucero, ciertos horarios podr\u00edan no estar disponibles en determinadas fechas.<\/p>\n<\/div>\n<\/div>\n","protected":false},"excerpt":{"rendered":"<p>\u201cCon una poblaci\u00f3n estimada en 600.000 ping\u00fcinos por temporada, San Lorenzo es la Colonia de Ping\u00fcinos Continental m\u00e1s grande y espectacular que se conoce.\u201d Dr. Pablo Garc\u00eda BorborogluInvestigador CESIMAR\/CCT Cenpat CONICETPresidente de la Global Penguin Society San Lorenzo La Reserva Natural Estancia San Lorenzo se encuentra dentro del \u00c1rea Natural Protegida Pen\u00ednsula Vald\u00e9s a 160 [&hellip;]<\/p>\n","protected":false},"author":1,"featured_media":362,"parent":0,"menu_order":0,"comment_status":"closed","ping_status":"open","template":"","meta":[],"_links":{"self":[{"href":"https:\/\/pinguinospuntanorte.com.ar\/dev\/wp-json\/wp\/v2\/pages\/2"}],"collection":[{"href":"https:\/\/pinguinospuntanorte.com.ar\/dev\/wp-json\/wp\/v2\/pages"}],"about":[{"href":"https:\/\/pinguinospuntanorte.com.ar\/dev\/wp-json\/wp\/v2\/types\/page"}],"author":[{"embeddable":true,"href":"https:\/\/pinguinospuntanorte.com.ar\/dev\/wp-json\/wp\/v2\/users\/1"}],"replies":[{"embeddable":true,"href":"https:\/\/pinguinospuntanorte.com.ar\/dev\/wp-json\/wp\/v2\/comments?post=2"}],"version-history":[{"count":39,"href":"https:\/\/pinguinospuntanorte.com.ar\/dev\/wp-json\/wp\/v2\/pages\/2\/revisions"}],"predecessor-version":[{"id":363,"href":"https:\/\/pinguinospuntanorte.com.ar\/dev\/wp-json\/wp\/v2\/pages\/2\/revisions\/363"}],"wp:featuredmedia":[{"embeddable":true,"href":"https:\/\/pinguinospuntanorte.com.ar\/dev\/wp-json\/wp\/v2\/media\/362"}],"wp:attachment":[{"href":"https:\/\/pinguinospuntanorte.com.ar\/dev\/wp-json\/wp\/v2\/media?parent=2"}],"curies":[{"name":"wp","href":"https:\/\/api.w.org\/{rel}","templated":true}]}}