{"id":116,"date":"2019-09-24T15:37:06","date_gmt":"2019-09-24T18:37:06","guid":{"rendered":"http:\/\/pinguinospuntanorte.com.ar\/dev\/?page_id=116"},"modified":"2019-10-21T10:28:11","modified_gmt":"2019-10-21T13:28:11","slug":"the-estancia","status":"publish","type":"page","link":"https:\/\/pinguinospuntanorte.com.ar\/dev\/the-estancia\/","title":{"rendered":"The Estancia"},"content":{"rendered":"\n<h1 style=\"text-align:center\">The Estancia<\/h1>\n\n\n\n<p style=\"text-align:center\">This traditional Patagonian sheep ranch raises Australian merino sheep for wool production. As from September, visitors can witness the different activities related to sheep farming: marking, shearing, and sheep enclosure with the help of the herding dogs.<\/p>\n\n\n\n<p style=\"text-align:center\"><strong>The shearing barn was reconditioned to serve as a country restaurant, visitor center and mini shop for local products and ranch souvenirs.<\/strong><\/p>\n\n\n\n<p style=\"text-align:center\">An additional interest for tourism are the marine fossils that crop out in the cliffs and gullies that run down to the sea. Many of these fossils can be observed in the Gulley of Fossils.<br>Visitors can also see the ruins of the old sea lion factory as between 1917 and 1953 commercial killings of sea lions took place at San Lorenzo for their blubber and skin.<\/p>\n\n\n\n<hr class=\"wp-block-separator\"\/>\n\n\n\n<figure class=\"wp-block-image alignwide\"><img loading=\"lazy\" width=\"1200\" height=\"803\" src=\"http:\/\/pinguinospuntanorte.com.ar\/dev\/wp-content\/uploads\/2019\/09\/familia_machinea.jpg\" alt=\"\" class=\"wp-image-182\" srcset=\"https:\/\/pinguinospuntanorte.com.ar\/dev\/wp-content\/uploads\/2019\/09\/familia_machinea.jpg 1200w, https:\/\/pinguinospuntanorte.com.ar\/dev\/wp-content\/uploads\/2019\/09\/familia_machinea-300x201.jpg 300w, https:\/\/pinguinospuntanorte.com.ar\/dev\/wp-content\/uploads\/2019\/09\/familia_machinea-768x514.jpg 768w, https:\/\/pinguinospuntanorte.com.ar\/dev\/wp-content\/uploads\/2019\/09\/familia_machinea-1024x685.jpg 1024w\" sizes=\"(max-width: 1200px) 100vw, 1200px\" \/><\/figure>\n\n\n\n<h2 style=\"text-align:center\" class=\"heading-secondary no-deco padding-top\">Our story<\/h2>\n\n\n\n<p style=\"text-align:center\">\u201cWe are part of a pioneer family that arrived in Patagonia in the early 20th Century. We believe that the best tribute to our parents and grandparents, who through their hard work proved their commitment to Peninsula Valdes, is to preserve this place for present and future generations. This is why we focus our actions on Environmental Sustainability\u201d.<\/p>\n\n\n\n<h2 style=\"text-align:center\">Machinea Family<\/h2>\n\n\n\n<hr class=\"wp-block-separator\"\/>\n\n\n\n<figure class=\"wp-block-image alignwide\"><img loading=\"lazy\" width=\"1500\" height=\"641\" src=\"http:\/\/pinguinospuntanorte.com.ar\/dev\/wp-content\/uploads\/2019\/09\/estancia.jpg\" alt=\"\" class=\"wp-image-154\" srcset=\"https:\/\/pinguinospuntanorte.com.ar\/dev\/wp-content\/uploads\/2019\/09\/estancia.jpg 1500w, https:\/\/pinguinospuntanorte.com.ar\/dev\/wp-content\/uploads\/2019\/09\/estancia-300x128.jpg 300w, https:\/\/pinguinospuntanorte.com.ar\/dev\/wp-content\/uploads\/2019\/09\/estancia-768x328.jpg 768w, https:\/\/pinguinospuntanorte.com.ar\/dev\/wp-content\/uploads\/2019\/09\/estancia-1024x438.jpg 1024w\" sizes=\"(max-width: 1500px) 100vw, 1500px\" \/><\/figure>\n\n\n\n<p style=\"text-align:center\">The Sheep Ranch San Lorenzo belongs to the Machinea family. It is a family of Basque origin.Our grandfather Lorenzo (1879-1964) arrived in Peninsula Valdes in 1900.<\/p>\n\n\n\n<p style=\"text-align:center\">In an auction of public land held in 1907 he purchased the land that would later become the present ranch.During his second voyage to Argentina he met Justina Betelu (1890-1972), whom he married in 1909.<\/p>\n\n\n\n<p style=\"text-align:center\">The second of their eight children, Jos\u00e9 Mart\u00edn Machinea (1911-2007), eventually became the second owner of the ranch. He married Beatriz Rey (1914-2010). Today, the owners of San Lorenzo are the descendants from Jose and Beatriz: Jos\u00e9 Lu\u00eds Machinea (son) and Sebasti\u00e1n Machinea (grandson).<\/p>\n\n\n\n<div class=\"alignfull\"><div id=\"metaslider-id-130\" style=\"width: 100%; margin: 0 auto;\" class=\"ml-slider-3-19-1 metaslider metaslider-flex metaslider-130 ml-slider nav-hidden\">\n    <div id=\"metaslider_container_130\">\n        <div id=\"metaslider_130\">\n            <ul aria-live=\"polite\" class=\"slides\">\n                <li style=\"display: block; width: 100%;\" class=\"slide-248 ms-image\"><img src=\"https:\/\/pinguinospuntanorte.com.ar\/dev\/wp-content\/uploads\/2019\/10\/slide1estancia-0x0.jpg\" height=\"0\" width=\"0\" alt=\"\" class=\"slider-130 slide-248\" title=\"slide1estancia\" \/><\/li>\n                <li style=\"display: none; width: 100%;\" class=\"slide-249 ms-image\"><img src=\"https:\/\/pinguinospuntanorte.com.ar\/dev\/wp-content\/uploads\/2019\/10\/slide2estancia-0x0.jpg\" height=\"0\" width=\"0\" alt=\"\" class=\"slider-130 slide-249\" title=\"slide2estancia\" \/><\/li>\n                <li style=\"display: none; width: 100%;\" class=\"slide-250 ms-image\"><img src=\"https:\/\/pinguinospuntanorte.com.ar\/dev\/wp-content\/uploads\/2019\/10\/slide3estancia-0x0.jpg\" height=\"0\" width=\"0\" alt=\"\" class=\"slider-130 slide-250\" title=\"slide3estancia\" \/><\/li>\n                <li style=\"display: none; width: 100%;\" class=\"slide-251 ms-image\"><img src=\"https:\/\/pinguinospuntanorte.com.ar\/dev\/wp-content\/uploads\/2019\/10\/slide4estancia-0x0.jpg\" height=\"0\" width=\"0\" alt=\"\" class=\"slider-130 slide-251\" title=\"slide4estancia\" \/><\/li>\n            <\/ul>\n        <\/div>\n        \n    <\/div>\n<\/div><\/div>\n\n\n\n<div class=\"wp-block-columns has-2-columns columns-4-8\">\n<div class=\"wp-block-column\">\n<figure class=\"wp-block-image padding-bottom\"><img loading=\"lazy\" width=\"600\" height=\"680\" src=\"http:\/\/pinguinospuntanorte.com.ar\/dev\/wp-content\/uploads\/2019\/09\/reloj.jpg\" alt=\"\" class=\"wp-image-148\" srcset=\"https:\/\/pinguinospuntanorte.com.ar\/dev\/wp-content\/uploads\/2019\/09\/reloj.jpg 600w, https:\/\/pinguinospuntanorte.com.ar\/dev\/wp-content\/uploads\/2019\/09\/reloj-265x300.jpg 265w\" sizes=\"(max-width: 600px) 100vw, 600px\" \/><\/figure>\n<\/div>\n\n\n\n<div class=\"wp-block-column\">\n<h2 class=\"heading-secondary right\">Natural and Cultural Heritage<\/h2>\n\n\n\n<p>San Lorenzo\u2019s coastline hosts wide open beaches as well as cliff areas. The action of erosion and the passing of time left ancient <strong>fossilized reef areas exposed in cliffs and gullies<\/strong>. They are true witness to a warm sea that flooded the region 20 million years ago.<\/p>\n\n\n\n<p>Even before the arrival of the Tehuelche natives, these dunes were inhabited by men and women over 2,000 years ago. Their existence and way of life can be interpreted through animal remains and stone artifacts characteristic of their culture.<\/p>\n\n\n\n<p>In younger times, between 1917 and 1953 a sea lion oil factory functioned on the beach. Its ruins can be visited nowadays as part of Peninsula Valdes\u2019 historical heritage.<\/p>\n\n\n\n<p><strong>Together with Magellanic penguins, San Lorenzo offers the possibility of observing elephant seals, guanacos, rheas, owls, cavies and a great diversity of birds. Eventually, also Right whales and orca can be sighted.<\/strong><\/p>\n<\/div>\n<\/div>\n\n\n\n<figure class=\"wp-block-image alignfull\"><img loading=\"lazy\" width=\"1024\" height=\"767\" src=\"http:\/\/pinguinospuntanorte.com.ar\/dev\/wp-content\/uploads\/2019\/10\/estancia-1024x767.jpg\" alt=\"\" class=\"wp-image-243\" srcset=\"https:\/\/pinguinospuntanorte.com.ar\/dev\/wp-content\/uploads\/2019\/10\/estancia-1024x767.jpg 1024w, https:\/\/pinguinospuntanorte.com.ar\/dev\/wp-content\/uploads\/2019\/10\/estancia-300x225.jpg 300w, https:\/\/pinguinospuntanorte.com.ar\/dev\/wp-content\/uploads\/2019\/10\/estancia-768x576.jpg 768w, https:\/\/pinguinospuntanorte.com.ar\/dev\/wp-content\/uploads\/2019\/10\/estancia.jpg 1920w\" sizes=\"(max-width: 1024px) 100vw, 1024px\" \/><\/figure>\n","protected":false},"excerpt":{"rendered":"<p>The Estancia This traditional Patagonian sheep ranch raises Australian merino sheep for wool production. As from September, visitors can witness the different activities related to sheep farming: marking, shearing, and sheep enclosure with the help of the herding dogs. The shearing barn was reconditioned to serve as a country restaurant, visitor center and mini shop [&hellip;]<\/p>\n","protected":false},"author":1,"featured_media":254,"parent":0,"menu_order":0,"comment_status":"closed","ping_status":"closed","template":"","meta":[],"_links":{"self":[{"href":"https:\/\/pinguinospuntanorte.com.ar\/dev\/wp-json\/wp\/v2\/pages\/116"}],"collection":[{"href":"https:\/\/pinguinospuntanorte.com.ar\/dev\/wp-json\/wp\/v2\/pages"}],"about":[{"href":"https:\/\/pinguinospuntanorte.com.ar\/dev\/wp-json\/wp\/v2\/types\/page"}],"author":[{"embeddable":true,"href":"https:\/\/pinguinospuntanorte.com.ar\/dev\/wp-json\/wp\/v2\/users\/1"}],"replies":[{"embeddable":true,"href":"https:\/\/pinguinospuntanorte.com.ar\/dev\/wp-json\/wp\/v2\/comments?post=116"}],"version-history":[{"count":13,"href":"https:\/\/pinguinospuntanorte.com.ar\/dev\/wp-json\/wp\/v2\/pages\/116\/revisions"}],"predecessor-version":[{"id":284,"href":"https:\/\/pinguinospuntanorte.com.ar\/dev\/wp-json\/wp\/v2\/pages\/116\/revisions\/284"}],"wp:featuredmedia":[{"embeddable":true,"href":"https:\/\/pinguinospuntanorte.com.ar\/dev\/wp-json\/wp\/v2\/media\/254"}],"wp:attachment":[{"href":"https:\/\/pinguinospuntanorte.com.ar\/dev\/wp-json\/wp\/v2\/media?parent=116"}],"curies":[{"name":"wp","href":"https:\/\/api.w.org\/{rel}","templated":true}]}}